{"id":996,"date":"2022-02-09T12:01:09","date_gmt":"2022-02-09T17:01:09","guid":{"rendered":"https:\/\/calacslancrage.ca\/en\/?page_id=996"},"modified":"2022-02-09T12:13:45","modified_gmt":"2022-02-09T17:13:45","slug":"information-guide","status":"publish","type":"page","link":"https:\/\/calacslancrage.ca\/en\/information-guide\/","title":{"rendered":"Information Guide"},"content":{"rendered":"\n\n\t\t\t\t<img loading=\"lazy\" decoding=\"async\" src=\"https:\/\/calacslancrage.ca\/en\/wp-content\/uploads\/2020\/03\/favicon-e1569465292995.png\" alt=\"favicon-e1569465292995\" itemprop=\"image\" height=\"50\" width=\"50\" title=\"favicon-e1569465292995\" onerror=\"this.style.display='none'\"  \/>\n<h1>\n\t\tInformation Guide\n\t<\/h1>\n\t\t\t\t<img loading=\"lazy\" decoding=\"async\" src=\"https:\/\/calacslancrage.ca\/en\/wp-content\/uploads\/2022\/02\/Capture-guide-bleu-anglais.png\" alt=\"Capture-guide-bleu-anglais\" itemprop=\"image\" height=\"404\" width=\"261\" title=\"Capture-guide-bleu-anglais\" onerror=\"this.style.display='none'\"  \/>\n\t<h3><em><strong>Information Guide\u00a0<\/strong><\/em><br \/>\nfor Sexual Assault Victims<\/h3>\n&#8220;If you are a victim of sexual assault, this guide prepared by the <a href=\"http:\/\/agressionsexuellemontreal.ca\/our-publications\">Table de concertation sur les agressions \u00e0 caract\u00e8re sexuel de Montr\u00e9al<\/a> is for you. The information it contains will be useful for you and for your family and friends, whether the sexual assault occurred recently or a number of years ago.\nThe\u00a0Information Guide for Sexual Assault Victims\u00a0is intended for all adults and adolescents 14 years of age and over, regardless of their ethnic or cultural origin, religion, sex, gender, identity or sexual orientation. It is also intended for persons with physical, sensory or intellectual disabilities or mental health disorders. It provides information on the following topics:\n<ul>\n<li>\n<ul>\n<li>\nDefinitions and various forms of sexual assault\n<\/li>\n<li>\nMyths and prejudices surrounding sexual assault\n<\/li>\n<li>\nStatistics on the victims and perpetrators of sexual assault\n<\/li>\n<li>\nPossible effects of a sexual assault\n<\/li>\n<li>\nDeciding to talk about a sexual assault\n<\/li>\n<li>\nRole of family and friends\n<\/li>\n<li>\nAssistance available to sexual assault victims: medico-social, psychological and other services\n<\/li>\n<li>\nThe law and the judicial process.&#8221;\n<\/li>\n<\/ul>\n<\/li>\n<\/ul>\n\t\t\t<a href=\"http:\/\/agressionsexuellemontreal.ca\/client_file\/upload\/-guide-2018\/guidebleu-2018-vfinal-anglais.pdf\" target=\"_blank\" role=\"button\" rel=\"noopener\">\n\t\t\t\t\t\t\tEnglish\n\t\t\t\t\t<\/a>\n\t\t\t<a href=\"http:\/\/agressionsexuellemontreal.ca\/client_file\/upload\/-guide-2018\/guidebleu-2018-vfinal-francais.pdf\" target=\"_blank\" role=\"button\" rel=\"noopener\">\n\t\t\t\t\t\t\tFran\u00e7ais\n\t\t\t\t\t<\/a>\n\t\t\t<a href=\"http:\/\/agressionsexuellemontreal.ca\/client_file\/upload\/-guide-2018\/guidebleu-2018-vfinal-espagnol.pdf\" target=\"_blank\" role=\"button\" rel=\"noopener\">\n\t\t\t\t\t\t\tEspa\u00f1ol\n\t\t\t\t\t<\/a>\n\n","protected":false},"excerpt":{"rendered":"<p>Information Guide Information Guide\u00a0 for Sexual Assault Victims &#8220;If you are a victim of sexual assault, this guide prepared by the Table de concertation sur les agressions \u00e0 caract\u00e8re sexuel de Montr\u00e9al is for you. The information it contains will be useful for you and for your family and friends, whether the sexual assault occurred&hellip;<\/p>\n","protected":false},"author":4,"featured_media":0,"parent":0,"menu_order":0,"comment_status":"closed","ping_status":"closed","template":"","meta":{"footnotes":""},"class_list":["post-996","page","type-page","status-publish","hentry"],"_links":{"self":[{"href":"https:\/\/calacslancrage.ca\/en\/wp-json\/wp\/v2\/pages\/996","targetHints":{"allow":["GET"]}}],"collection":[{"href":"https:\/\/calacslancrage.ca\/en\/wp-json\/wp\/v2\/pages"}],"about":[{"href":"https:\/\/calacslancrage.ca\/en\/wp-json\/wp\/v2\/types\/page"}],"author":[{"embeddable":true,"href":"https:\/\/calacslancrage.ca\/en\/wp-json\/wp\/v2\/users\/4"}],"replies":[{"embeddable":true,"href":"https:\/\/calacslancrage.ca\/en\/wp-json\/wp\/v2\/comments?post=996"}],"version-history":[{"count":4,"href":"https:\/\/calacslancrage.ca\/en\/wp-json\/wp\/v2\/pages\/996\/revisions"}],"predecessor-version":[{"id":1006,"href":"https:\/\/calacslancrage.ca\/en\/wp-json\/wp\/v2\/pages\/996\/revisions\/1006"}],"wp:attachment":[{"href":"https:\/\/calacslancrage.ca\/en\/wp-json\/wp\/v2\/media?parent=996"}],"curies":[{"name":"wp","href":"https:\/\/api.w.org\/{rel}","templated":true}]}}