{"id":99,"date":"2019-05-08T19:40:48","date_gmt":"2019-05-08T23:40:48","guid":{"rendered":"https:\/\/calacslancrage.ca\/en\/?page_id=99"},"modified":"2023-09-20T10:01:34","modified_gmt":"2023-09-20T14:01:34","slug":"contact-us","status":"publish","type":"page","link":"https:\/\/calacslancrage.ca\/en\/contact-us\/","title":{"rendered":"Contact us"},"content":{"rendered":"\n\n\t\t\t\t<img loading=\"lazy\" decoding=\"async\" src=\"https:\/\/calacslancrage.ca\/en\/wp-content\/uploads\/2020\/03\/favicon-e1569465292995.png\" alt=\"favicon-e1569465292995\" itemprop=\"image\" height=\"50\" width=\"50\" title=\"favicon-e1569465292995\" onerror=\"this.style.display='none'\"  \/>\n<h1>\n\t\tContact us\n\t<\/h1>\n\t<h2>CALACS L&#8217;Ancrage<\/h2>\nPhone: <strong><a href=\"tel:4505656231\">450 565-6231<\/a><br \/>\n<\/strong>Toll-free: <strong><a href=\"tel:18668677791\">1 866 867-7791<\/a><\/strong>\n<p>Email: <a href=\"mailto:info@calacslancrage.ca\">info@calacslancrage.ca<\/a><\/p>\nMailing address:<br \/>\nP.O. Box 202, Saint-J\u00e9r\u00f4me, Qu\u00e9bec\u00a0 J7Z 5T9\n<p>Sexual Violence Helpline, open 24\/7: <a href=\"tel:18889339007\"><strong>1 888 933-9007<\/strong><\/a><\/p>\n<p>&nbsp;<\/p>\n<p><a href=\"https:\/\/calacslancrage.ca\/en\/wp-content\/uploads\/2022\/10\/Declaration-de-services.pdf\" target=\"_blank\" rel=\"noopener\">Service Statement and Complaint Process (in French only)<\/a><\/p>\n<p><strong>Person in charge for the protection of personal information\u00a0 \u00a0 \u00a0 \u00a0 \u00a0 \u00a0 \u00a0 <\/strong>Patricia Walsh, intervention coordinator\u00a0 \u00a0 \u00a0 \u00a0 \u00a0 \u00a0 \u00a0 \u00a0 \u00a0 \u00a0 \u00a0 \u00a0 \u00a0 \u00a0 \u00a0 \u00a0 \u00a0 \u00a0 \u00a0 \u00a0 <a href=\"mailto:patricia.walsh@calacslancrage.ca\" target=\"_blank\" rel=\"noopener\">patricia.walsh@calacslancrage.<wbr \/>ca<\/a><\/p>\n\n","protected":false},"excerpt":{"rendered":"<p>Contact us CALACS L&#8217;Ancrage Phone: 450 565-6231 Toll-free: 1 866 867-7791 Email: info@calacslancrage.ca Mailing address: P.O. Box 202, Saint-J\u00e9r\u00f4me, Qu\u00e9bec\u00a0 J7Z 5T9 Sexual Violence Helpline, open 24\/7: 1 888 933-9007 &nbsp; Service Statement and Complaint Process (in French only) Person in charge for the protection of personal information\u00a0 \u00a0 \u00a0 \u00a0 \u00a0 \u00a0 \u00a0 Patricia&hellip;<\/p>\n","protected":false},"author":3,"featured_media":0,"parent":0,"menu_order":0,"comment_status":"closed","ping_status":"closed","template":"","meta":{"footnotes":""},"class_list":["post-99","page","type-page","status-publish","hentry"],"_links":{"self":[{"href":"https:\/\/calacslancrage.ca\/en\/wp-json\/wp\/v2\/pages\/99","targetHints":{"allow":["GET"]}}],"collection":[{"href":"https:\/\/calacslancrage.ca\/en\/wp-json\/wp\/v2\/pages"}],"about":[{"href":"https:\/\/calacslancrage.ca\/en\/wp-json\/wp\/v2\/types\/page"}],"author":[{"embeddable":true,"href":"https:\/\/calacslancrage.ca\/en\/wp-json\/wp\/v2\/users\/3"}],"replies":[{"embeddable":true,"href":"https:\/\/calacslancrage.ca\/en\/wp-json\/wp\/v2\/comments?post=99"}],"version-history":[{"count":3,"href":"https:\/\/calacslancrage.ca\/en\/wp-json\/wp\/v2\/pages\/99\/revisions"}],"predecessor-version":[{"id":1068,"href":"https:\/\/calacslancrage.ca\/en\/wp-json\/wp\/v2\/pages\/99\/revisions\/1068"}],"wp:attachment":[{"href":"https:\/\/calacslancrage.ca\/en\/wp-json\/wp\/v2\/media?parent=99"}],"curies":[{"name":"wp","href":"https:\/\/api.w.org\/{rel}","templated":true}]}}