{"id":90,"date":"2019-05-08T19:04:08","date_gmt":"2019-05-08T23:04:08","guid":{"rendered":"https:\/\/calacslancrage.ca\/en\/?page_id=90"},"modified":"2020-04-13T11:27:51","modified_gmt":"2020-04-13T15:27:51","slug":"home","status":"publish","type":"page","link":"https:\/\/calacslancrage.ca\/en\/","title":{"rendered":"Home"},"content":{"rendered":"\n\t\t\t\t<h2>1 out of 3 women<\/h2><p>1 out of 3 women has experienced at least one <strong>sexual assault<\/strong> after the age of <strong>16<\/strong>.<\/p>\n\t\t\t\t<h2>More than 75%<\/h2><p><strong>More than 75%<\/strong> of <strong>Indigenous girls under the age of 18<\/strong> have been <strong>sexually assaulted.<\/strong><\/p>\n\t\t\t\t<h2>40% of women<\/h2><p><strong>40% of women<\/strong> with a <strong>physical disability <\/strong>will be <strong>sexually assaulted <\/strong>at least once in their lifetimes.<\/p>\n\t\t\t\t<h2>A bit more than 8 out of 10 victims<\/h2><p>A bit more than <strong>8 out of 10 victims know their attacker<\/strong>.<\/p>\n\t\t\t\t<h2>Up to 90% of cases<\/h2><p><strong>Up to 90%<\/strong> of sexual assaults <strong>are not reported to the police<\/strong>.<\/p>\n\t\t<h4>\n\t\t\t24\/7 sexual assault resource line<\/br><a href=\"tel:\">1 888 933-9007<\/a>\n\t\t<\/h4>\n\t\t\t<font size=\"+2\"><strong>I was<\/strong><\/font> sexually assaulted\n\t\t\t\t\t\t<a href=\"https:\/\/calacslancrage.ca\/en\/direct-assistance\/\" target=\"_self\" role=\"button\" rel=\"noopener noreferrer\">\n\t\t\t\tLearn more\t\t\t<\/a>\n\t\t\t<font size=\"+2\"><strong>I know someone who was<\/strong><\/font> sexually assaulted\n\t\t\t\t\t\t<a href=\"https:\/\/calacslancrage.ca\/en\/how-to-help\/\" target=\"_self\" role=\"button\" rel=\"noopener noreferrer\">\n\t\t\t\tLearn more\t\t\t<\/a>\n\t\t<h2>\n\t\t\tSERVICES\n\t\t<\/h2>\n\t\t\t\t\t\t\t\t<a href=\"https:\/\/calacslancrage.ca\/en\/direct-assistance\/\" target=\"_self\" aria-label=\"link to https:\/\/calacslancrage.ca\/en\/direct-assistance\/\" rel=\"noopener noreferrer\">\n\t\t\t\t<\/a>\n\t\t\t\t\t\t<a href=\"https:\/\/calacslancrage.ca\/en\/direct-assistance\/\" target=\"_self\" rel=\"noopener noreferrer\">\n\t\t\t\t\t\t\t\t\t\t\t\t<\/a>\n<h3><a href=\"https:\/\/calacslancrage.ca\/en\/direct-assistance\/\" target=\"_self\" rel=\"noopener noreferrer\">Direct assistance<\/a><\/h3>\t\t\n\t\t\t<a href=\"https:\/\/calacslancrage.ca\/en\/direct-assistance\/\" target=\"_self\" role=\"button\" rel=\"noopener noreferrer\">\n\t\t\t\t\t\t\tLearn more\n\t\t\t\t\t<\/a>\n\t\t\t\t\t\t\t\t<a href=\"https:\/\/calacslancrage.ca\/en\/prevention-awareness-raising-training\/\" target=\"_self\" aria-label=\"link to https:\/\/calacslancrage.ca\/en\/prevention-awareness-raising-training\/\" rel=\"noopener noreferrer\">\n\t\t\t\t<\/a>\n\t\t\t\t\t\t<a href=\"https:\/\/calacslancrage.ca\/en\/prevention-awareness-raising-training\/\" target=\"_self\" rel=\"noopener noreferrer\">\n\t\t\t\t\t\t\t\t\t\t\t\t<\/a>\n<h3><a href=\"https:\/\/calacslancrage.ca\/en\/prevention-awareness-raising-training\/\" target=\"_self\" rel=\"noopener noreferrer\">Prevention, awareness-raising and training<\/a><\/h3>\t\t\n\t\t\t<a href=\"https:\/\/calacslancrage.ca\/en\/prevention-awareness-raising-training\/\" target=\"_self\" role=\"button\" rel=\"noopener noreferrer\">\n\t\t\t\t\t\t\tLearn more\n\t\t\t\t\t<\/a>\n\t\t\t\t\t\t\t\t<a href=\"https:\/\/calacslancrage.ca\/en\/rights-defence\/\" target=\"_self\" aria-label=\"link to https:\/\/calacslancrage.ca\/en\/rights-defence\/\" rel=\"noopener noreferrer\">\n\t\t\t\t<\/a>\n\t\t\t\t\t\t<a href=\"https:\/\/calacslancrage.ca\/en\/rights-defence\/\" target=\"_self\" rel=\"noopener noreferrer\">\n\t\t\t\t\t\t\t\t\t\t\t\t<\/a>\n<h3><a href=\"https:\/\/calacslancrage.ca\/en\/rights-defence\/\" target=\"_self\" rel=\"noopener noreferrer\">Rights defence<\/a><\/h3>\t\t\n\t\t\t<a href=\"https:\/\/calacslancrage.ca\/en\/rights-defence\/\" target=\"_self\" role=\"button\" rel=\"noopener noreferrer\">\n\t\t\t\t\t\t\tLearn more\n\t\t\t\t\t<\/a>\n\t<p>Source of the statistics in the banner above: Pouliot, C. (2007).\u00a0<em>Information Guide for Sexual Assault Victims<\/em>. Table de concertation sur les agressions \u00e0 caract\u00e8re sexuel de Montr\u00e9al.<\/p>\n","protected":false},"excerpt":{"rendered":"<p>1 out of 3 women 1 out of 3 women has experienced at least one sexual assault after the age of 16. More than 75% More than 75% of Indigenous girls under the age of 18 have been sexually assaulted. 40% of women 40% of women with a physical disability will be sexually assaulted at&hellip;<\/p>\n","protected":false},"author":3,"featured_media":0,"parent":0,"menu_order":0,"comment_status":"closed","ping_status":"closed","template":"","meta":{"footnotes":""},"class_list":["post-90","page","type-page","status-publish","hentry"],"_links":{"self":[{"href":"https:\/\/calacslancrage.ca\/en\/wp-json\/wp\/v2\/pages\/90","targetHints":{"allow":["GET"]}}],"collection":[{"href":"https:\/\/calacslancrage.ca\/en\/wp-json\/wp\/v2\/pages"}],"about":[{"href":"https:\/\/calacslancrage.ca\/en\/wp-json\/wp\/v2\/types\/page"}],"author":[{"embeddable":true,"href":"https:\/\/calacslancrage.ca\/en\/wp-json\/wp\/v2\/users\/3"}],"replies":[{"embeddable":true,"href":"https:\/\/calacslancrage.ca\/en\/wp-json\/wp\/v2\/comments?post=90"}],"version-history":[{"count":0,"href":"https:\/\/calacslancrage.ca\/en\/wp-json\/wp\/v2\/pages\/90\/revisions"}],"wp:attachment":[{"href":"https:\/\/calacslancrage.ca\/en\/wp-json\/wp\/v2\/media?parent=90"}],"curies":[{"name":"wp","href":"https:\/\/api.w.org\/{rel}","templated":true}]}}