{"id":752,"date":"2020-01-14T15:16:03","date_gmt":"2020-01-14T20:16:03","guid":{"rendered":"https:\/\/calacslancrage.ca\/en\/?page_id=752"},"modified":"2022-02-09T11:53:47","modified_gmt":"2022-02-09T16:53:47","slug":"recovered-memories","status":"publish","type":"page","link":"https:\/\/calacslancrage.ca\/en\/recovered-memories\/","title":{"rendered":"Recovered memories"},"content":{"rendered":"\n\n\t\t\t\t<img loading=\"lazy\" decoding=\"async\" src=\"https:\/\/calacslancrage.ca\/en\/wp-content\/uploads\/2020\/03\/favicon-e1569465292995.png\" alt=\"favicon-e1569465292995\" itemprop=\"image\" height=\"50\" width=\"50\" title=\"favicon-e1569465292995\" onerror=\"this.style.display='none'\"  \/>\n<h1>\n\t\tRecovered memories\n\t<\/h1>\n\t\t\t\t<img loading=\"lazy\" decoding=\"async\" src=\"https:\/\/calacslancrage.ca\/en\/wp-content\/uploads\/2020\/01\/couverture_memoire_retrouvee.png\" alt=\"Livre M\u00e9moire retrouv\u00e9e - Amn\u00e9sie Dissociative \u00e0 la suite d'agressions sexuelles\" itemprop=\"image\" height=\"738\" width=\"470\" title=\"couverture_memoire_retrouvee\" onerror=\"this.style.display='none'\"  \/>\n\t<h3><em><strong>M\u00e9moire retrouv\u00e9e<\/strong><\/em><br \/>\nAmn\u00e9sie dissociative \u00e0 la suite d&#8217;agressions sexuelles<\/h3>\n<p>Written by Martine Deslongchamps in collaboration with Estelle Caron &#8211; in French only<\/p>\n<p>We would like to thank the participants in the recovered memories group, whose experiences and stories enriched this guide. We also thank all the people who shared their wise comments and suggestions, in particular Jos\u00e9e Roy.<\/p>\n<p>\u00a9 CALACS L&#8217;Ancrage<\/p>\n<p>This document, in French only, may be reproduced if the source is credited.<\/p>\n\t\t\t<a href=\"https:\/\/calacslancrage.ca\/en\/wp-content\/uploads\/2019\/12\/Guide_2e_impression_memoire_retrouvee.pdf\" target=\"_blank\" role=\"button\" rel=\"noopener\">\n\t\t\t\t\t\t\tDownload the PDF (in French only)\n\t\t\t\t\t<\/a>\n\n","protected":false},"excerpt":{"rendered":"<p>Recovered memories M\u00e9moire retrouv\u00e9e Amn\u00e9sie dissociative \u00e0 la suite d&#8217;agressions sexuelles Written by Martine Deslongchamps in collaboration with Estelle Caron &#8211; in French only We would like to thank the participants in the recovered memories group, whose experiences and stories enriched this guide. We also thank all the people who shared their wise comments and&hellip;<\/p>\n","protected":false},"author":3,"featured_media":0,"parent":0,"menu_order":0,"comment_status":"closed","ping_status":"closed","template":"","meta":{"footnotes":""},"class_list":["post-752","page","type-page","status-publish","hentry"],"_links":{"self":[{"href":"https:\/\/calacslancrage.ca\/en\/wp-json\/wp\/v2\/pages\/752","targetHints":{"allow":["GET"]}}],"collection":[{"href":"https:\/\/calacslancrage.ca\/en\/wp-json\/wp\/v2\/pages"}],"about":[{"href":"https:\/\/calacslancrage.ca\/en\/wp-json\/wp\/v2\/types\/page"}],"author":[{"embeddable":true,"href":"https:\/\/calacslancrage.ca\/en\/wp-json\/wp\/v2\/users\/3"}],"replies":[{"embeddable":true,"href":"https:\/\/calacslancrage.ca\/en\/wp-json\/wp\/v2\/comments?post=752"}],"version-history":[{"count":1,"href":"https:\/\/calacslancrage.ca\/en\/wp-json\/wp\/v2\/pages\/752\/revisions"}],"predecessor-version":[{"id":1000,"href":"https:\/\/calacslancrage.ca\/en\/wp-json\/wp\/v2\/pages\/752\/revisions\/1000"}],"wp:attachment":[{"href":"https:\/\/calacslancrage.ca\/en\/wp-json\/wp\/v2\/media?parent=752"}],"curies":[{"name":"wp","href":"https:\/\/api.w.org\/{rel}","templated":true}]}}