{"id":56,"date":"2019-05-08T18:34:56","date_gmt":"2019-05-08T22:34:56","guid":{"rendered":"https:\/\/calacslancrage.ca\/en\/?page_id=56"},"modified":"2020-04-13T13:01:41","modified_gmt":"2020-04-13T17:01:41","slug":"make-a-donation","status":"publish","type":"page","link":"https:\/\/calacslancrage.ca\/en\/make-a-donation\/","title":{"rendered":"Make a donation"},"content":{"rendered":"\n\t\t\t\t<img loading=\"lazy\" decoding=\"async\" src=\"https:\/\/calacslancrage.ca\/en\/wp-content\/uploads\/2020\/03\/favicon-e1569465292995.png\" alt=\"favicon-e1569465292995\" itemprop=\"image\" height=\"50\" width=\"50\" title=\"favicon-e1569465292995\" onerror=\"this.style.display='none'\"  \/>\n<h1>\n\t\tMaking a donation\n\t<\/h1>\n\t<p>Every year, the donations we receive strengthen the quality of CALACS\u2019s services and other work. As well, your donations help us meet the growing demand from teenage girls and women who have experienced sexual violence.<\/p>\n<h2>It&#8217;s fast and easy to make a donation.<\/h2>\n\t<h3>Paypal<\/h3>\n<p><a href=\"http:\/\/paypal.com\/ca\/fundraiser\/charity\/3422540\" data-saferedirecturl=\"https:\/\/www.google.com\/url?q=http:\/\/paypal.com\/ca\/fundraiser\/charity\/3422540&amp;source=gmail&amp;ust=1576612634196000&amp;usg=AFQjCNEFWMuQc6lvGkjIpVQH56AKEGLCAw\">paypal.com\/ca\/fundraiser\/charity\/3422540<\/a><\/p>\n\t<h3>Interac e-transfer<\/h3>\n<p><strong><u>Interac e-transfer<\/u><\/strong> to <a href=\"mailto:info@calacslancrage.ca\">info@calacslancrage.ca<\/a><\/p>\nSecurity question: pourquoi<br \/>\nAnswer: faireundon\n\t<h3>By cheque<\/h3>\nMake cheques payable to CALACS L\u2019Ancrage.<br \/>\nMailing address: P.O. Box 202, St-J\u00e9r\u00f4me, Qu\u00e9bec\u00a0 J7Z 5N9\n\t\t\t\t<img loading=\"lazy\" decoding=\"async\" src=\"https:\/\/calacslancrage.ca\/en\/wp-content\/uploads\/2019\/12\/plante_pousse.jpg\" alt=\"Plante en croissance\" itemprop=\"image\" height=\"1333\" width=\"2000\" title=\"plante_pousse\" onerror=\"this.style.display='none'\"  \/>\n","protected":false},"excerpt":{"rendered":"<p>Making a donation Every year, the donations we receive strengthen the quality of CALACS\u2019s services and other work. As well, your donations help us meet the growing demand from teenage girls and women who have experienced sexual violence. It&#8217;s fast and easy to make a donation. Paypal paypal.com\/ca\/fundraiser\/charity\/3422540 Interac e-transfer Interac e-transfer to info@calacslancrage.ca Security&hellip;<\/p>\n","protected":false},"author":3,"featured_media":0,"parent":0,"menu_order":0,"comment_status":"closed","ping_status":"closed","template":"","meta":{"footnotes":""},"class_list":["post-56","page","type-page","status-publish","hentry"],"_links":{"self":[{"href":"https:\/\/calacslancrage.ca\/en\/wp-json\/wp\/v2\/pages\/56","targetHints":{"allow":["GET"]}}],"collection":[{"href":"https:\/\/calacslancrage.ca\/en\/wp-json\/wp\/v2\/pages"}],"about":[{"href":"https:\/\/calacslancrage.ca\/en\/wp-json\/wp\/v2\/types\/page"}],"author":[{"embeddable":true,"href":"https:\/\/calacslancrage.ca\/en\/wp-json\/wp\/v2\/users\/3"}],"replies":[{"embeddable":true,"href":"https:\/\/calacslancrage.ca\/en\/wp-json\/wp\/v2\/comments?post=56"}],"version-history":[{"count":0,"href":"https:\/\/calacslancrage.ca\/en\/wp-json\/wp\/v2\/pages\/56\/revisions"}],"wp:attachment":[{"href":"https:\/\/calacslancrage.ca\/en\/wp-json\/wp\/v2\/media?parent=56"}],"curies":[{"name":"wp","href":"https:\/\/api.w.org\/{rel}","templated":true}]}}