{"id":50,"date":"2019-05-08T18:33:54","date_gmt":"2019-05-08T22:33:54","guid":{"rendered":"https:\/\/calacslancrage.ca\/en\/?page_id=50"},"modified":"2020-05-15T14:29:05","modified_gmt":"2020-05-15T18:29:05","slug":"being-a-member","status":"publish","type":"page","link":"https:\/\/calacslancrage.ca\/en\/being-a-member\/","title":{"rendered":"Being a member"},"content":{"rendered":"\n\t\t\t\t<img loading=\"lazy\" decoding=\"async\" src=\"https:\/\/calacslancrage.ca\/en\/wp-content\/uploads\/2020\/03\/favicon-e1569465292995.png\" alt=\"favicon-e1569465292995\" itemprop=\"image\" height=\"50\" width=\"50\" title=\"favicon-e1569465292995\" onerror=\"this.style.display='none'\"  \/>\n<h1>\n\t\tBeing a member\n\t<\/h1>\n\t<p>At CALACS L\u2019Ancrage, you can take part in the fight against sexual violence in various ways. You can get involved in meetings, committees or simply by stating your support of CALACS.<\/p>\n<h2>\n\t\tMember categories \n\t<\/h2>\n\t\t\t<a href=\"#\" id=\"fl-accordion--label-0\" tabindex=\"0\" aria-controls=\"fl-accordion--panel-0\">Active members<\/a>\n\t\t\t\t\t\t\t<a href=\"#\" id=\"fl-accordion--icon-0\" tabindex=\"0\" aria-controls=\"fl-accordion--panel-0\"><i>Expand<\/i><\/a>\n\t\t<p>Active members are allowed to attend general meetings, vote at them, and be eligible for positions on the Board of Directors. All active members must meet the following conditions:<\/p>\n<ul>\n<li>Be a woman age 18 or over;<\/li>\n<li>Demonstrate a marked interest in the issue of sexual violence;<\/li>\n<li>Commit to the organization\u2019s objectives, orientations and philosophy;<\/li>\n<li>Respect the general rules;<\/li>\n<li>Be interested in taking part in activities;<\/li>\n<li>Submit a request for membership and be recommended by an active member;<\/li>\n<li>Renew membership annually;<\/li>\n<li>Have finished taking part in individual or group support at least six months ago.<\/li>\n<\/ul>\n<p>Any person who wants to become an active member must <a href=\"https:\/\/calacslancrage.ca\/en\/wp-content\/uploads\/2020\/05\/Formulaire-Demande-dadh\u00e9sion-membre-Active.pdf\" target=\"_blank\" rel=\"noopener noreferrer\">submit a\u00a0request<\/a>\u00a0(in French only) to the Board of Directors, which determines acceptance at a regular meeting.<\/p>\n<p><a href=\"https:\/\/calacslancrage.ca\/en\/wp-content\/uploads\/2020\/05\/Formulaire-Demande-dadh\u00e9sion-membre-Active.pdf\" target=\"_blank\" rel=\"noopener noreferrer\">Form for becoming an active member (PDF)<\/a>(in French only)<\/p>\n\t\t\t<a href=\"#\" id=\"fl-accordion--label-1\" tabindex=\"0\" aria-controls=\"fl-accordion--panel-1\">Supportive members<\/a>\n\t\t\t\t\t\t\t<a href=\"#\" id=\"fl-accordion--icon-1\" tabindex=\"0\" aria-controls=\"fl-accordion--panel-1\"><i>Expand<\/i><\/a>\n\t\t<p>Supportive members may attend general meetings without the right to vote and without being eligible for positions on the Board. All supportive members must meet the following conditions:<\/p>\n<ul>\n<li>Be a person age 14 or over;<\/li>\n<li>Demonstrate an interest in the issue of sexual violence;<\/li>\n<li>Commit to the organization\u2019s objectives, orientations and philosophy;<\/li>\n<li>Respect the general rules;<\/li>\n<li>Be interested in taking part in activities;<\/li>\n<li>Submit a request for membership and be recommended by an active member;<\/li>\n<li>Renew the membership annually.<\/li>\n<\/ul>\n<p>Women who are undertaking individual or group support process are eligible for the status of supportive member.<\/p>\n<p>Any person who wishes to become a supportive member must <a href=\"https:\/\/calacslancrage.ca\/en\/wp-content\/uploads\/2020\/05\/Formulaire-Demande-dadh\u00e9sion-membre-Sympathisante.pdf\" target=\"_blank\" rel=\"noopener noreferrer\">submit a request<\/a> (in French only) to the Board of Directors, which determines acceptance at a regular meeting.<\/p>\n<p><a href=\"https:\/\/calacslancrage.ca\/en\/wp-content\/uploads\/2020\/05\/Formulaire-Demande-dadh\u00e9sion-membre-Sympathisante.pdf\" target=\"_blank\" rel=\"noopener noreferrer\">Form for becoming supportive member (PDF)<\/a>(in French only)<\/p>\n\t\t\t<a href=\"#\" id=\"fl-accordion--label-2\" tabindex=\"0\" aria-controls=\"fl-accordion--panel-2\">Honorary members<\/a>\n\t\t\t\t\t\t\t<a href=\"#\" id=\"fl-accordion--icon-2\" tabindex=\"0\" aria-controls=\"fl-accordion--panel-2\"><i>Expand<\/i><\/a>\n\t\t<p>Honorary members are allowed to attend general meetings, to vote and to be eligible for Board positions. All honorary members must meet the following conditions:<\/p>\n<ul>\n<li>Be a woman age 18 or over;<\/li>\n<li>Demonstrate a marked interest in the issue;<\/li>\n<li>Commit to the organization\u2019s objectives, orientations and philosophy;<\/li>\n<li>Respect the general rules;<\/li>\n<li>Have been significantly engaged in the activities;<\/li>\n<li>Be nominated by the Board of Directors.<\/li>\n<\/ul>\n<h2>\n\t\tActivists\n\t<\/h2>\n\t<p>Activism is defined by chosen actions to foster social change or preserve gains, and relies on the values of equality, rights defence, equity between the sexes and non-violence, as part of a process to reclaim individual and collective power.<\/p>\n<p>Activism with CALACS L\u2019Ancrage means embodying the organization\u2019s values while taking action on the issue of sexual violence.<\/p>\n<p>All activist contributions, regardless of the form they take, are important and appreciated. It would not be possible to meet all of CALACS\u2019s objectives and commitments without the valuable involvement of activists.<\/p>\n<p>Activists can get involved in the organization\u2019s various services, such as:<\/p>\n<ul>\n<li>Direct assistance (co-facilitation of a support group);<\/li>\n<li>Awareness-raising and prevention (co-facilitation of workshops in schools and other settings);<\/li>\n<li>Rights (Rights Committee, taking part in actions);<\/li>\n<li>Being a member of the Board of Directors and its various committees;<\/li>\n<li>Personal storytelling.<\/li>\n<\/ul>\n<p>Activists have access to various rights and privileges, such as:<\/p>\n<ul>\n<li>Basic training;<\/li>\n<li>The recognition and welcome party;<\/li>\n<li>The guidance and support of a worker;<\/li>\n<li>Reimbursement of transportation costs and other costs related to their involvement.<\/li>\n<\/ul>\n<p>An activist is a woman who:<\/p>\n<ul>\n<li>is age 14 or over, except for membership on the Board of Directors, where she is required to be age 18 or over;<\/li>\n<li>demonstrates a marked interest in the issue of sexual violence;<\/li>\n<li>commits to the organization\u2019s objectives, orientations and philosophy;<\/li>\n<li>respects the general rules, the Code of Ethics and the intervention framework;<\/li>\n<li><strong><u>is a member in good standing;<\/u><\/strong><\/li>\n<li>is actively involved in the organization\u2019s volunteer activities;<\/li>\n<li>fills out the activism interest form each year;<\/li>\n<\/ul>\n<p>has taken mandatory training for participating in the various committees and work streams, as well as in the Board of Directors.<\/p>\n<p>To become an activist, fill out the form <a href=\"https:\/\/calacslancrage.ca\/en\/wp-content\/uploads\/2020\/05\/Formulaire-dint\u00e9r\u00eat-militantisme.pdf\" target=\"_blank\" rel=\"noopener noreferrer\">here<\/a> (in French only).<\/p>\n<p>To do personal storytelling work, fill out the form <a href=\"https:\/\/calacslancrage.ca\/en\/wp-content\/uploads\/2020\/05\/Formulaire-dint\u00e9r\u00eat-t\u00e9moignage.pdf\" target=\"_blank\" rel=\"noopener noreferrer\">here<\/a> (in French only).<\/p>\n","protected":false},"excerpt":{"rendered":"<p>Being a member At CALACS L\u2019Ancrage, you can take part in the fight against sexual violence in various ways. You can get involved in meetings, committees or simply by stating your support of CALACS. Member categories Active members Expand Active members are allowed to attend general meetings, vote at them, and be eligible for positions&hellip;<\/p>\n","protected":false},"author":3,"featured_media":0,"parent":0,"menu_order":0,"comment_status":"closed","ping_status":"closed","template":"","meta":{"footnotes":""},"class_list":["post-50","page","type-page","status-publish","hentry"],"_links":{"self":[{"href":"https:\/\/calacslancrage.ca\/en\/wp-json\/wp\/v2\/pages\/50","targetHints":{"allow":["GET"]}}],"collection":[{"href":"https:\/\/calacslancrage.ca\/en\/wp-json\/wp\/v2\/pages"}],"about":[{"href":"https:\/\/calacslancrage.ca\/en\/wp-json\/wp\/v2\/types\/page"}],"author":[{"embeddable":true,"href":"https:\/\/calacslancrage.ca\/en\/wp-json\/wp\/v2\/users\/3"}],"replies":[{"embeddable":true,"href":"https:\/\/calacslancrage.ca\/en\/wp-json\/wp\/v2\/comments?post=50"}],"version-history":[{"count":0,"href":"https:\/\/calacslancrage.ca\/en\/wp-json\/wp\/v2\/pages\/50\/revisions"}],"wp:attachment":[{"href":"https:\/\/calacslancrage.ca\/en\/wp-json\/wp\/v2\/media?parent=50"}],"curies":[{"name":"wp","href":"https:\/\/api.w.org\/{rel}","templated":true}]}}