{"id":48,"date":"2019-05-08T18:33:23","date_gmt":"2019-05-08T22:33:23","guid":{"rendered":"https:\/\/calacslancrage.ca\/en\/?page_id=48"},"modified":"2022-02-18T15:00:01","modified_gmt":"2022-02-18T20:00:01","slug":"videos","status":"publish","type":"page","link":"https:\/\/calacslancrage.ca\/en\/videos\/","title":{"rendered":"Videos"},"content":{"rendered":"\n\t\t\t\t<img loading=\"lazy\" decoding=\"async\" src=\"https:\/\/calacslancrage.ca\/en\/wp-content\/uploads\/2020\/03\/favicon-e1569465292995.png\" alt=\"favicon-e1569465292995\" itemprop=\"image\" height=\"50\" width=\"50\" title=\"favicon-e1569465292995\" onerror=\"this.style.display='none'\"  \/>\n<h1>\n\t\tVid\u00e9os\n\t<\/h1>\n\t<h2>Violence sexuelle dans le couple<\/h2>\n\t<iframe loading=\"lazy\" title=\"La violence sexuelle dans le couple\" width=\"500\" height=\"281\" src=\"https:\/\/www.youtube.com\/embed\/Kzn6qZGj_TY?feature=oembed\" frameborder=\"0\" allow=\"accelerometer; autoplay; encrypted-media; gyroscope; picture-in-picture\" allowfullscreen><\/iframe>\n\t<h2>Harc\u00e8lement sexuel au travail<\/h2>\n\t<iframe loading=\"lazy\" title=\"Le harc\u00e8lement sexuel au travail\" width=\"500\" height=\"281\" src=\"https:\/\/www.youtube.com\/embed\/IcpsCz-icus?feature=oembed\" frameborder=\"0\" allow=\"accelerometer; autoplay; encrypted-media; gyroscope; picture-in-picture\" allowfullscreen><\/iframe>\n\t<h2>Culture du viol<\/h2>\n\t<iframe loading=\"lazy\" title=\"#DearDaddy Sous-titr\u00e9s Fran\u00e7ais.\" width=\"500\" height=\"281\" src=\"https:\/\/www.youtube.com\/embed\/4yGb_lUBaN4?feature=oembed\" frameborder=\"0\" allow=\"accelerometer; autoplay; encrypted-media; gyroscope; picture-in-picture\" allowfullscreen><\/iframe>\n\t<h2>J&#8217;aurais d\u00fb\u00a0(un film sur le consentement sexuel)<\/h2>\n\t<iframe loading=\"lazy\" title=\"J&#039;aurais d\u00fb... - Un film sur le consentement -\" width=\"500\" height=\"281\" src=\"https:\/\/www.youtube.com\/embed\/-hhowlWwy2I?feature=oembed\" frameborder=\"0\" allow=\"accelerometer; autoplay; encrypted-media; gyroscope; picture-in-picture\" allowfullscreen><\/iframe>\n\t<h2>Tea consent<\/h2>\n\t<iframe loading=\"lazy\" title=\"Tea Consent\" width=\"500\" height=\"281\" src=\"https:\/\/www.youtube.com\/embed\/oQbei5JGiT8?feature=oembed\" frameborder=\"0\" allow=\"accelerometer; autoplay; encrypted-media; gyroscope; picture-in-picture\" allowfullscreen><\/iframe>\n\t<h2>La prostitution, un \u00ab\u00a0m\u00e9tier\u00a0\u00bb?<\/h2>\n\t<iframe loading=\"lazy\" title=\"La prostitution, un &quot;m\u00e9tier&quot; ? Court-m\u00e9trage de Fr\u00e9d\u00e9rique Pollet-Rouyer\" width=\"500\" height=\"281\" src=\"https:\/\/www.youtube.com\/embed\/yh_wVj_xf4o?feature=oembed\" frameborder=\"0\" allow=\"accelerometer; autoplay; encrypted-media; gyroscope; picture-in-picture\" allowfullscreen><\/iframe>\n\t<h2>Violence envers les femmes<\/h2>\n\t<iframe loading=\"lazy\" title=\"Agression - Cart1er - Gouvernement du Qu\u00e9bec\" width=\"500\" height=\"281\" src=\"https:\/\/www.youtube.com\/embed\/ESkfK7esJ5k?feature=oembed\" frameborder=\"0\" allow=\"accelerometer; autoplay; encrypted-media; gyroscope; picture-in-picture\" allowfullscreen><\/iframe>\n\t<p>Article complet :<\/p>\n<p><a href=\"https:\/\/www.infopresse.com\/article\/2017\/11\/14\/violences-faites-aux-femmes-l-importance-de-nommer-les-choses\" target=\"_blank\" rel=\"noopener noreferrer\">https:\/\/www.infopresse.com\/article\/2017\/11\/14\/violences-faites-aux-femmes-l-importance-de-nommer-les-choses<\/a><\/p>\n\t<h2>Who will you help? (agir en tant que t\u00e9moin)<\/h2>\n\t<iframe loading=\"lazy\" title=\"Who Will You Help? Sexual Violence Ad Campaign\" width=\"500\" height=\"281\" src=\"https:\/\/www.youtube.com\/embed\/opPb2E3bkoo?feature=oembed\" frameborder=\"0\" allow=\"accelerometer; autoplay; encrypted-media; gyroscope; picture-in-picture\" allowfullscreen><\/iframe>\n\t<h2>Consentement 101<\/h2>\n\t<iframe loading=\"lazy\" title=\"Consentement 101\" width=\"500\" height=\"281\" src=\"https:\/\/www.youtube.com\/embed\/cuLtfN7kBzo?feature=oembed\" frameborder=\"0\" allow=\"accelerometer; autoplay; encrypted-media; gyroscope; picture-in-picture\" allowfullscreen><\/iframe>\n\t<h2>\u00catre t\u00e9moin<\/h2>\n\t<iframe loading=\"lazy\" title=\"\u00catre te\u0301moin MAISON ISA-CALACS\" width=\"500\" height=\"281\" src=\"https:\/\/www.youtube.com\/embed\/rNNrpiya7ro?feature=oembed\" frameborder=\"0\" allow=\"accelerometer; autoplay; encrypted-media; gyroscope; picture-in-picture\" allowfullscreen><\/iframe>\n\t<h2>Les Brutes<\/h2>\n\t<p>Plusieurs vid\u00e9os disponibles <a href=\"http:\/\/lesbrutes.telequebec.tv\/\" target=\"_blank\" rel=\"noopener noreferrer\">http:\/\/lesbrutes.telequebec.tv\/<\/a><\/p>\n\t<h2>On parle de sexe<\/h2>\n\t<p>Plusieurs vid\u00e9os disponibles <a href=\"https:\/\/zonevideo.telequebec.tv\/a-z\/752\/on-parle-de-sexe\" rel=\"noopener noreferrer\" target=\"_blank\">https:\/\/zonevideo.telequebec.tv\/a-z\/752\/on-parle-de-sexe<\/a><\/p>\n\t<h2>Campagne Tra\u00e7ons-les-limites<\/h2>\n\t<p>Plusieurs vid\u00e9os disponibles <a href=\"http:\/\/tracons-les-limites.ca\/videos\/\" target=\"_blank\" rel=\"noopener noreferrer\">http:\/\/tracons-les-limites.ca\/videos\/<\/a><\/p>\n<ul>\n<li data-fontsize=\"27\" data-lineheight=\"27\"><strong>\u00c9couter. Croire. Soutenir.<\/strong><\/li>\n<li data-fontsize=\"27\" data-lineheight=\"27\"><strong>Le consentement dans la vie, surtout au lit, c\u2019est essentiel<\/strong><\/li>\n<li data-fontsize=\"27\" data-lineheight=\"27\"><strong>Apporter son soutien<\/strong><\/li>\n<li data-fontsize=\"27\" data-lineheight=\"27\"><strong>Suivre son intuition<\/strong><\/li>\n<li data-fontsize=\"27\" data-lineheight=\"27\"><strong>\u00catre \u00e0 l\u2019\u00e9coute<\/strong><\/li>\n<li data-fontsize=\"27\" data-lineheight=\"27\"><strong>\u00catre l\u00e0 pour elle<\/strong><\/li>\n<li data-fontsize=\"27\" data-lineheight=\"27\"><strong>Offrir son aide<\/strong><\/li>\n<li data-fontsize=\"27\" data-lineheight=\"27\"><strong>\u00c9couter son histoire<\/strong><\/li>\n<\/ul>\n","protected":false},"excerpt":{"rendered":"<p>Vid\u00e9os Violence sexuelle dans le couple Harc\u00e8lement sexuel au travail Culture du viol J&#8217;aurais d\u00fb\u00a0(un film sur le consentement sexuel) Tea consent La prostitution, un \u00ab\u00a0m\u00e9tier\u00a0\u00bb? Violence envers les femmes Article complet : https:\/\/www.infopresse.com\/article\/2017\/11\/14\/violences-faites-aux-femmes-l-importance-de-nommer-les-choses Who will you help? (agir en tant que t\u00e9moin) Consentement 101 \u00catre t\u00e9moin Les Brutes Plusieurs vid\u00e9os disponibles http:\/\/lesbrutes.telequebec.tv\/ On parle&hellip;<\/p>\n","protected":false},"author":3,"featured_media":0,"parent":0,"menu_order":0,"comment_status":"closed","ping_status":"closed","template":"","meta":{"footnotes":""},"class_list":["post-48","page","type-page","status-publish","hentry"],"_links":{"self":[{"href":"https:\/\/calacslancrage.ca\/en\/wp-json\/wp\/v2\/pages\/48","targetHints":{"allow":["GET"]}}],"collection":[{"href":"https:\/\/calacslancrage.ca\/en\/wp-json\/wp\/v2\/pages"}],"about":[{"href":"https:\/\/calacslancrage.ca\/en\/wp-json\/wp\/v2\/types\/page"}],"author":[{"embeddable":true,"href":"https:\/\/calacslancrage.ca\/en\/wp-json\/wp\/v2\/users\/3"}],"replies":[{"embeddable":true,"href":"https:\/\/calacslancrage.ca\/en\/wp-json\/wp\/v2\/comments?post=48"}],"version-history":[{"count":1,"href":"https:\/\/calacslancrage.ca\/en\/wp-json\/wp\/v2\/pages\/48\/revisions"}],"predecessor-version":[{"id":1021,"href":"https:\/\/calacslancrage.ca\/en\/wp-json\/wp\/v2\/pages\/48\/revisions\/1021"}],"wp:attachment":[{"href":"https:\/\/calacslancrage.ca\/en\/wp-json\/wp\/v2\/media?parent=48"}],"curies":[{"name":"wp","href":"https:\/\/api.w.org\/{rel}","templated":true}]}}