{"id":42,"date":"2019-05-08T18:32:25","date_gmt":"2019-05-08T22:32:25","guid":{"rendered":"https:\/\/calacslancrage.ca\/en\/?page_id=42"},"modified":"2025-06-12T16:58:14","modified_gmt":"2025-06-12T20:58:14","slug":"sexual-exploitation","status":"publish","type":"page","link":"https:\/\/calacslancrage.ca\/en\/sexual-exploitation\/","title":{"rendered":"Sexual exploitation"},"content":{"rendered":"\n\n\t\t\t\t<img decoding=\"async\" src=\"https:\/\/calacslancrage.ca\/en\/wp-content\/uploads\/2020\/03\/favicon-e1569465292995.png\" alt=\"favicon-e1569465292995\" itemprop=\"image\" height=\"50\" width=\"50\" title=\"favicon-e1569465292995\" onerror=\"this.style.display='none'\" loading='lazy' \/>\n<h1>\n\t\t\tSexual exploitation\t<\/h1>\n\t<p>CALACS L&#8217;Ancrage believes that women&#8217;s bodies should not be for sale. It is working toward a society where sexual exploitation does not exist, where buying consent is not an option. The solution? Decriminalizing teenage girls and women who are in prostitution so that they can have tools and services, while criminalizing clients, procurers and so on. The organization believes that a world without prostitution is possible.<\/p>\n<p>CALACS L&#8217;Ancrage welcomes all women who are experiencing or have experienced sexual exploitation in all its forms, by offering listening and tools to help them work on the consequences this may bring about (emotional confusion, guilt, shame, fear, anxiety, disempowerment, mistrust, conflict, low self-esteem, sexual problems, and more).<\/p>\n<h2>What is sexual exploitation?<\/h2>\n<p>Sexual exploitation is a form of sexual violence. It is &#8220;a practice by which one or more people obtain sexual gratification, financial benefit or other advancement by abusing the sexuality of a person or group of people, thus infringing on their rights to dignity, equality, autonomy and physical and mental well-being.&#8221; [i]<\/p>\n<p>Sexual exploitation presents itself in a range of forms, including prostitution, escorting services, strip clubs, pornography, erotic massage and more.<\/p>\n<p>A job like any other? No! [1]<\/p>\n<ul>\n<li>The vast majority of prostituted women consume drugs or alcohol to be able to do it.<\/li>\n<li>Prostituted women have a level of post-traumatic stress as high as people in the military.<\/li>\n<li>The majority of women in prostitution have experienced repeated physical violence, including sexual assault, being hit, and suffering serious injuries (fractures, hemorrhage, concussion). Some have even been killed.<\/li>\n<li>The average age of death for women in prostitution is 34, and their mortality rate is 40 times higher than the Canadian average.<\/li>\n<li>The average age for entry into prostitution is 14-15 in Canada.<\/li>\n<li>Nearly 75% of teenage girls and women in prostitution are between ages 13 and 25.<\/li>\n<li>The majority of teenage girls and women in prostitution experienced childhood sexual violence (85%).<\/li>\n<li>Many of them (92%) would like to leave prostitution.<\/li>\n<\/ul>\n<p>[1] Translation of an excerpt from: Conseil du statut de la femme. 2012. La prostitution : il est temps d&#8217;agir, Qu\u00e9bec : Conseil du statut de la femme.<\/p>\n<p><a href=\"#_ednref1\" name=\"_edn1\"><\/a><\/p>\n\t\t\t\t\t<a href=\"#\"  id=\"fl-accordion--label-0\" tabindex=\"0\" aria-controls=\"fl-accordion--panel-0\">Prostitution: a real choice?<\/a>\n\t\t\t\t\t\t\t\t\t\t\t<a href=\"#\" id=\"fl-accordion--icon-0\"  tabindex=\"0\"><i title=\"Expand\">Expand<\/i><\/a>\n\t\t\t\t\t<p>Prostitution is not a choice, regardless of the setting (dance, massage, street, escorting&#8230;). Some women are recruited into prostitution through strategies of manipulation, blackmail, violence and more. For others, certain social constraints, such as poverty, have led them into prostitution.<\/p>\n<p>Consider also that the majority enter prostitution as minors, and that Indigenous and racialized women are overrepresented in prostitution.<\/p>\n<p>It&#8217;s important to question whether true consent is possible in prostitution. Is it always informed, without drugs or alcohol? Does a teenage girl or woman know what to expect in the area of prostitution in the short and long term? Can they easily exit prostitution? Are they experiencing violence, blackmail or threats? Can they easily withdraw their consent when a financial agreement has been established? These are multiple questions that can call into doubt their consent.<\/p>\n\t\t\t\t\t<a href=\"#\"  id=\"fl-accordion--label-1\" tabindex=\"0\" aria-controls=\"fl-accordion--panel-1\">Prostitution: a continuum of violence against women and a patriarchal system<\/a>\n\t\t\t\t\t\t\t\t\t\t\t<a href=\"#\" id=\"fl-accordion--icon-1\"  tabindex=\"0\"><i title=\"Expand\">Expand<\/i><\/a>\n\t\t\t\t\t<p>Prostitution is part of the continuum of violence against women, and the sex industry is fed by the patriarchal system. Many women in prostitution experienced sexual violence as children and are living out the consequences during prostitution and after exiting. This is one of the reasons that leads the CALACS to demand healthcare and socio-legal services free of discrimination and prejudice against these teen girls and women.<\/p>\n<p>Money and power are mostly held by men in the sex industry. This milieu also influences unequal relationships between men and women, and feeds other forms of oppression, such as racism and colonialism.<\/p>\n\t\t\t\t\t<a href=\"#\"  id=\"fl-accordion--label-2\" tabindex=\"0\" aria-controls=\"fl-accordion--panel-2\">Abolishing prostitution<\/a>\n\t\t\t\t\t\t\t\t\t\t\t<a href=\"#\" id=\"fl-accordion--icon-2\"  tabindex=\"0\"><i title=\"Expand\">Expand<\/i><\/a>\n\t\t\t\t\t<p>CALACS L&#8217;Ancrage believes that decriminalizing prostitution is not a solution for women&#8217;s safety in the sex trade.<\/p>\n<p>In countries where prostitution has been legalized, client demand has increased, along with human trafficking and the exploitation of minors. As well, many women have been killed, whether in legal brothels, in their homes or in their pimps&#8217; homes. The ability to &#8220;work&#8221; indoors, the decriminalization of organized prostitution and the legalization of sex work have not removed the risk of women being beaten, mistreated or forced. [2]<\/p>\n<p>In 2014, Canada decided to adopt the Nordic model, in which women are partially decriminalized and clients and pimps are criminalized.<\/p>\n<p>For more information about Canadian law and the Nordic model, visit:<\/p>\n<ul>\n<li>Canadian law:\u00a0<a href=\"https:\/\/www.justice.gc.ca\/eng\/rp-pr\/other-autre\/c36faq\/\" target=\"_blank\" rel=\"noopener\">https:\/\/www.justice.gc.ca\/eng\/rp-pr\/other-autre\/c36faq\/<\/a><\/li>\n<li>Nordic model:\u00a0<a href=\"https:\/\/nordicmodelnow.org\/\" target=\"_blank\" rel=\"noopener\">https:\/\/nordicmodelnow.org\/<\/a><\/li>\n<\/ul>\n<p>[2] Johnston, L. (2011). Les contre-v\u00e9rit\u00e9s de l&#8217;affaire Bedford c. Canada : pourquoi d\u00e9criminaliser la prostitution n&#8217;est pas une solution.<em>\u00a0<\/em><a href=\"http:\/\/sisyphe.org\/spip.php?article3953\" target=\"_blank\" rel=\"noopener\">http:\/\/sisyphe.org\/spip.php?article3953<\/a><\/p>\n\t\t\t\t\t<a href=\"#\"  id=\"fl-accordion--label-3\" tabindex=\"0\" aria-controls=\"fl-accordion--panel-3\">Sexual exploitation of teenage girls [3]<\/a>\n\t\t\t\t\t\t\t\t\t\t\t<a href=\"#\" id=\"fl-accordion--icon-3\"  tabindex=\"0\"><i title=\"Expand\">Expand<\/i><\/a>\n\t\t\t\t\t<p>It&#8217;s important to shine a light on the sexual exploitation of teenage girls, since the average age of entry into prostitution is between 14 and 15 in Canada.<\/p>\n<p>Many contexts can lead to prostitution among teenage girls. Here are a few examples:<\/p>\n<ul>\n<li>Family instability;<\/li>\n<li>Isolation;<\/li>\n<li>Experience of sexual violence;<\/li>\n<li>Desire to please;<\/li>\n<li>Desire to have a lover;<\/li>\n<li>Taste for adventure.<\/li>\n<\/ul>\n<p>While there may be one or more reasons for entering prostitution, the influence of the pimp must not be minimized. This person uses various strategies to lead the teenage girl into prostitution. He may give her gifts, sell dreams (idealized life as a couple: travel, apartment, etc.), convince her he&#8217;s in love with her, pressure her, manipulate her, use violence, put her through an initiation rite (like a group sexual assault, convincing her that she consented), use other girls to recruit her (these girls will approach her and tell her about their own lives in the sex industry as though it were glamorous).<\/p>\n<p>Here is an illustration (in French only) that explains the process of recruitment into prostitution:<img loading=\"lazy\" decoding=\"async\" src=\"https:\/\/calacslancrage.ca\/en\/wp-content\/uploads\/2019\/10\/exploitation-sexuelle.png\" alt=\"\" width=\"997\" height=\"997\" \/><\/p>\n<p>For more information on the recruitment process, visit (in French only): <a href=\"https:\/\/calacslachrysalide.ca\/index.php\/exploitation-sexuelle\/\" target=\"_blank\" rel=\"noopener\">https:\/\/calacslachrysalide.ca\/index.php\/exploitation-sexuelle\/<\/a>.<\/p>\n<p>Parents or friends? You can get listening services and support by contacting <a href=\"https:\/\/calacslancrage.ca\/en\/contact-us\/\">CALACS<\/a>. For more information, see our page on <a href=\"https:\/\/calacslancrage.ca\/en\/how-to-help\/\">helpful attitudes<\/a>.<\/p>\n<p>[3] Excerpted from: Bergeron, M., H\u00e9bert, M., Fradette-Drouin, L., CALACS Entraid&#8217;Action, CALACS Agression Estrie, CALACS Laurentides, L&#8217;\u00c9lan-CALACS, La Pointe du jour *CALACS Sept-\u00celes, Regroupement qu\u00e9b\u00e9cois des CALACS. (2016). Programme Empreinte : Agir ensemble contre les agressions \u00e0 caract\u00e8re sexuel &#8211; Guide d&#8217;animation aupr\u00e8s des jeunes de niveau secondaire. Montr\u00e9al, Qu\u00e9bec : Universit\u00e9 du Qu\u00e9bec \u00e0 Montr\u00e9al.<\/p>\n\t\t\t\t<img decoding=\"async\" src=\"https:\/\/calacslancrage.ca\/en\/wp-content\/uploads\/2019\/11\/IMG_0724.jpg\" alt=\"Femmes manifestation\" itemprop=\"image\" height=\"1801\" width=\"935\" title=\"femmes-manifestation\" onerror=\"this.style.display='none'\" loading='lazy' \/>\n\n","protected":false},"excerpt":{"rendered":"<p>Sexual exploitation CALACS L&#8217;Ancrage believes that women&#8217;s bodies should not be for sale. It is working toward a society where sexual exploitation does not exist, where buying consent is not an option. The solution? Decriminalizing teenage girls and women who are in prostitution so that they can have tools and services, while criminalizing clients, procurers&hellip;<\/p>\n","protected":false},"author":3,"featured_media":0,"parent":0,"menu_order":0,"comment_status":"closed","ping_status":"closed","template":"","meta":{"footnotes":""},"class_list":["post-42","page","type-page","status-publish","hentry"],"_links":{"self":[{"href":"https:\/\/calacslancrage.ca\/en\/wp-json\/wp\/v2\/pages\/42","targetHints":{"allow":["GET"]}}],"collection":[{"href":"https:\/\/calacslancrage.ca\/en\/wp-json\/wp\/v2\/pages"}],"about":[{"href":"https:\/\/calacslancrage.ca\/en\/wp-json\/wp\/v2\/types\/page"}],"author":[{"embeddable":true,"href":"https:\/\/calacslancrage.ca\/en\/wp-json\/wp\/v2\/users\/3"}],"replies":[{"embeddable":true,"href":"https:\/\/calacslancrage.ca\/en\/wp-json\/wp\/v2\/comments?post=42"}],"version-history":[{"count":1,"href":"https:\/\/calacslancrage.ca\/en\/wp-json\/wp\/v2\/pages\/42\/revisions"}],"predecessor-version":[{"id":1105,"href":"https:\/\/calacslancrage.ca\/en\/wp-json\/wp\/v2\/pages\/42\/revisions\/1105"}],"wp:attachment":[{"href":"https:\/\/calacslancrage.ca\/en\/wp-json\/wp\/v2\/media?parent=42"}],"curies":[{"name":"wp","href":"https:\/\/api.w.org\/{rel}","templated":true}]}}