{"id":22,"date":"2019-05-08T17:48:17","date_gmt":"2019-05-08T21:48:17","guid":{"rendered":"https:\/\/calacslancrage.ca\/en\/?page_id=22"},"modified":"2020-04-13T13:20:55","modified_gmt":"2020-04-13T17:20:55","slug":"our-partners","status":"publish","type":"page","link":"https:\/\/calacslancrage.ca\/en\/our-partners\/","title":{"rendered":"Our partners"},"content":{"rendered":"\n\t\t\t\t<img loading=\"lazy\" decoding=\"async\" src=\"https:\/\/calacslancrage.ca\/en\/wp-content\/uploads\/2020\/03\/favicon-e1569465292995.png\" alt=\"favicon-e1569465292995\" itemprop=\"image\" height=\"50\" width=\"50\" title=\"favicon-e1569465292995\" onerror=\"this.style.display='none'\"  \/>\n<h1>\n\t\tOur partners\n\t<\/h1>\n\t<p>CALACS L\u2019Ancrage has been working with a number of partners since its very beginnings.<\/p>\n<ul>\n<li><a href=\"https:\/\/epsjcsrdn.ca\/\" target=\"_blank\" rel=\"noopener noreferrer\">\u00c9cole polyvalente Saint-J\u00e9r\u00f4me<\/a><\/li>\n<li><a href=\"https:\/\/www.cstj.qc.ca\/\" target=\"_blank\" rel=\"noopener noreferrer\">C\u00e9gep de Saint-J\u00e9r\u00f4me<\/a><\/li>\n<li><a href=\"https:\/\/uqo.ca\/saint-jerome\" target=\"_blank\" rel=\"noopener noreferrer\">Universit\u00e9 du Qu\u00e9bec en Outaouais Campus Saint-J\u00e9r\u00f4me<\/a><\/li>\n<li><a href=\"https:\/\/cavac.qc.ca\/\" target=\"_blank\" rel=\"noopener noreferrer\">CAVAC des Laurentides<\/a><\/li>\n<li>Centre d\u00e9sign\u00e9 de Saint-J\u00e9r\u00f4me<\/li>\n<li><a href=\"http:\/\/lelan.org\/\" target=\"_blank\" rel=\"noopener noreferrer\">L\u2019\u00c9lan CALACS<\/a><\/li>\n<li><a href=\"http:\/\/www.rqcalacs.qc.ca\/\" target=\"_blank\" rel=\"noopener noreferrer\">Regroupement qu\u00e9becois des CALACS<\/a> (RQCALACS)<\/li>\n<li><a href=\"https:\/\/roclaurentides.com\/\" target=\"_blank\" rel=\"noopener noreferrer\">Regroupement des organismes communautaires des Laurentides<\/a> (ROCL)<\/li>\n<li><a href=\"http:\/\/www.femmeslaurentides.org\/\" target=\"_blank\" rel=\"noopener noreferrer\">R\u00e9seau des femmes des Laurentides<\/a> (RFL)<\/li>\n<li><a href=\"https:\/\/centredefemmeslesunesetlesautres.org\/\" target=\"_blank\" rel=\"noopener noreferrer\">Centre de femmes les Unes et les Autres<\/a><\/li>\n<li><a href=\"http:\/\/www.maisondariane.ca\/\" target=\"_blank\" rel=\"noopener noreferrer\">Maison d\u2019Ariane<\/a><\/li>\n<li><a href=\"http:\/\/www.lacles.org\/\" target=\"_blank\" rel=\"noopener noreferrer\">Concertation des luttes contre l\u2019exploitation sexuelle<\/a> (CLES)<\/li>\n<\/ul>\n<h2>Funding sources<\/h2>\n<ul>\n<li><a href=\"https:\/\/publications.msss.gouv.qc.ca\/msss\/document-000190\/\" target=\"_blank\" rel=\"noopener noreferrer\">Programme de soutien aux organismes communautaires<\/a> (PSOC)<\/li>\n<li><a href=\"http:\/\/www.scf.gouv.qc.ca\/\" target=\"_blank\" rel=\"noopener noreferrer\">Secr\u00e9tariat \u00e0 la condition f\u00e9minine<\/a> (SCF)<\/li>\n<li><a href=\"https:\/\/cfc-swc.gc.ca\/index-en.html\" target=\"_blank\" rel=\"noopener noreferrer\">Women and Gender Equality Canada<\/a> (WAGE)<\/li>\n<li>Donations and sponsorships (coming soon)<\/li>\n<\/ul>\n","protected":false},"excerpt":{"rendered":"<p>Our partners CALACS L\u2019Ancrage has been working with a number of partners since its very beginnings. \u00c9cole polyvalente Saint-J\u00e9r\u00f4me C\u00e9gep de Saint-J\u00e9r\u00f4me Universit\u00e9 du Qu\u00e9bec en Outaouais Campus Saint-J\u00e9r\u00f4me CAVAC des Laurentides Centre d\u00e9sign\u00e9 de Saint-J\u00e9r\u00f4me L\u2019\u00c9lan CALACS Regroupement qu\u00e9becois des CALACS (RQCALACS) Regroupement des organismes communautaires des Laurentides (ROCL) R\u00e9seau des femmes des Laurentides&hellip;<\/p>\n","protected":false},"author":3,"featured_media":0,"parent":0,"menu_order":0,"comment_status":"closed","ping_status":"closed","template":"","meta":{"footnotes":""},"class_list":["post-22","page","type-page","status-publish","hentry"],"_links":{"self":[{"href":"https:\/\/calacslancrage.ca\/en\/wp-json\/wp\/v2\/pages\/22","targetHints":{"allow":["GET"]}}],"collection":[{"href":"https:\/\/calacslancrage.ca\/en\/wp-json\/wp\/v2\/pages"}],"about":[{"href":"https:\/\/calacslancrage.ca\/en\/wp-json\/wp\/v2\/types\/page"}],"author":[{"embeddable":true,"href":"https:\/\/calacslancrage.ca\/en\/wp-json\/wp\/v2\/users\/3"}],"replies":[{"embeddable":true,"href":"https:\/\/calacslancrage.ca\/en\/wp-json\/wp\/v2\/comments?post=22"}],"version-history":[{"count":0,"href":"https:\/\/calacslancrage.ca\/en\/wp-json\/wp\/v2\/pages\/22\/revisions"}],"wp:attachment":[{"href":"https:\/\/calacslancrage.ca\/en\/wp-json\/wp\/v2\/media?parent=22"}],"curies":[{"name":"wp","href":"https:\/\/api.w.org\/{rel}","templated":true}]}}